{"id":654,"date":"2026-03-04T08:21:37","date_gmt":"2026-03-04T08:21:37","guid":{"rendered":"https:\/\/glowingrebel.de\/?page_id=654"},"modified":"2026-05-09T11:02:01","modified_gmt":"2026-05-09T09:02:01","slug":"aktionen","status":"publish","type":"page","link":"https:\/\/glowingrebel.de\/en\/aktionen\/","title":{"rendered":"Aktionen"},"content":{"rendered":"\t\t<div data-elementor-type=\"wp-page\" data-elementor-id=\"654\" class=\"elementor elementor-654\" data-elementor-post-type=\"page\">\n\t\t\t\t<div class=\"elementor-element elementor-element-1c6cb22 elementor-hidden-mobile e-flex e-con-boxed e-con e-parent\" data-id=\"1c6cb22\" data-element_type=\"container\" data-e-type=\"container\">\n\t\t\t\t\t<div class=\"e-con-inner\">\n\t\t\t\t<div class=\"elementor-element elementor-element-790818e elementor-toc--minimized-on-tablet elementor-widget elementor-widget-table-of-contents\" data-id=\"790818e\" data-element_type=\"widget\" data-e-type=\"widget\" data-settings=\"{&quot;no_headings_message&quot;:&quot;Es wurden keine \\u00dcberschriften auf dieser Seite gefunden.&quot;,&quot;headings_by_tags&quot;:[&quot;h1&quot;,&quot;h2&quot;,&quot;h3&quot;,&quot;h4&quot;,&quot;h5&quot;],&quot;marker_view&quot;:&quot;numbers&quot;,&quot;minimize_box&quot;:&quot;yes&quot;,&quot;minimized_on&quot;:&quot;tablet&quot;,&quot;hierarchical_view&quot;:&quot;yes&quot;,&quot;min_height&quot;:{&quot;unit&quot;:&quot;px&quot;,&quot;size&quot;:&quot;&quot;,&quot;sizes&quot;:[]},&quot;min_height_tablet&quot;:{&quot;unit&quot;:&quot;px&quot;,&quot;size&quot;:&quot;&quot;,&quot;sizes&quot;:[]},&quot;min_height_mobile&quot;:{&quot;unit&quot;:&quot;px&quot;,&quot;size&quot;:&quot;&quot;,&quot;sizes&quot;:[]}}\" data-widget_type=\"table-of-contents.default\">\n\t\t\t\t\t\t\t\t\t<div class=\"elementor-toc__header\">\n\t\t\t\t\t\t<h4 class=\"elementor-toc__header-title\">\n\t\t\t\tHier finden Sie alle Aktionen\t\t\t<\/h4>\n\t\t\t\t\t\t\t\t\t\t<div class=\"elementor-toc__toggle-button elementor-toc__toggle-button--expand\" role=\"button\" tabindex=\"0\" aria-controls=\"elementor-toc__790818e\" aria-expanded=\"true\" aria-label=\"Inhaltsverzeichnis \u00f6ffnen\"><svg aria-hidden=\"true\" class=\"e-font-icon-svg e-fas-chevron-down\" viewBox=\"0 0 448 512\" xmlns=\"http:\/\/www.w3.org\/2000\/svg\"><path d=\"M207.029 381.476L12.686 187.132c-9.373-9.373-9.373-24.569 0-33.941l22.667-22.667c9.357-9.357 24.522-9.375 33.901-.04L224 284.505l154.745-154.021c9.379-9.335 24.544-9.317 33.901.04l22.667 22.667c9.373 9.373 9.373 24.569 0 33.941L240.971 381.476c-9.373 9.372-24.569 9.372-33.942 0z\"><\/path><\/svg><\/div>\n\t\t\t\t<div class=\"elementor-toc__toggle-button elementor-toc__toggle-button--collapse\" role=\"button\" tabindex=\"0\" aria-controls=\"elementor-toc__790818e\" aria-expanded=\"true\" aria-label=\"Inhaltsverzeichnis schlie\u00dfen\"><svg aria-hidden=\"true\" class=\"e-font-icon-svg e-fas-chevron-up\" viewBox=\"0 0 448 512\" xmlns=\"http:\/\/www.w3.org\/2000\/svg\"><path d=\"M240.971 130.524l194.343 194.343c9.373 9.373 9.373 24.569 0 33.941l-22.667 22.667c-9.357 9.357-24.522 9.375-33.901.04L224 227.495 69.255 381.516c-9.379 9.335-24.544 9.317-33.901-.04l-22.667-22.667c-9.373-9.373-9.373-24.569 0-33.941L207.03 130.525c9.372-9.373 24.568-9.373 33.941-.001z\"><\/path><\/svg><\/div>\n\t\t\t\t\t<\/div>\n\t\t\t\t<div id=\"elementor-toc__790818e\" class=\"elementor-toc__body\">\n\t\t\t<div class=\"elementor-toc__spinner-container\">\n\t\t\t\t<svg class=\"elementor-toc__spinner eicon-animation-spin e-font-icon-svg e-eicon-loading\" aria-hidden=\"true\" viewBox=\"0 0 1000 1000\" xmlns=\"http:\/\/www.w3.org\/2000\/svg\"><path d=\"M500 975V858C696 858 858 696 858 500S696 142 500 142 142 304 142 500H25C25 237 238 25 500 25S975 237 975 500 763 975 500 975Z\"><\/path><\/svg>\t\t\t<\/div>\n\t\t<\/div>\n\t\t\t\t\t\t<\/div>\n\t\t\t\t\t<\/div>\n\t\t\t\t<\/div>\n\t\t<div class=\"elementor-element elementor-element-288dede e-flex e-con-boxed elementor-invisible e-con e-parent\" data-id=\"288dede\" data-element_type=\"container\" data-e-type=\"container\" data-settings=\"{&quot;animation&quot;:&quot;slideInDown&quot;}\">\n\t\t\t\t\t<div class=\"e-con-inner\">\n\t\t\t\t<div class=\"elementor-element elementor-element-da0d662 e-con e-atomic-element e-div-block-base\" data-id=\"da0d662\" data-element_type=\"e-div-block\" data-e-type=\"e-div-block\" data-interaction-id=\"da0d662\" data-e-type=\"e-div-block\" data-id=\"da0d662\">\n\t\t\t\t<div class=\"elementor-element elementor-element-31d1386 elementor-widget elementor-widget-heading\" data-id=\"31d1386\" data-element_type=\"widget\" data-e-type=\"widget\" data-widget_type=\"heading.default\">\n\t\t\t\t\t<h2 class=\"elementor-heading-title elementor-size-default\">Neuer\u00f6ffnungsfeier<\/h2>\t\t\t\t<\/div>\n\t\t\t\t<div class=\"elementor-element elementor-element-ff9af72 elementor-widget elementor-widget-text-editor\" data-id=\"ff9af72\" data-element_type=\"widget\" data-e-type=\"widget\" data-widget_type=\"text-editor.default\">\n\t\t\t\t\t\t\t\t\t<p class=\"elementor-heading-title elementor-size-default\">Herzliche Einladung zur Neuer\u00f6ffnungsfeier am 30.05.2026 um 12 Uhr \u2013 Schlachthofstra\u00dfe 4a, Weimar<br \/>Selbstverst\u00e4ndlich k\u00f6nnen Sie mich schon vorher zu einer Behandlung besuchen.<\/p>\t\t\t\t\t\t\t\t<\/div>\n\t\t\t\t<div class=\"elementor-element elementor-element-f7135a8 elementor-align-center elementor-widget__width-auto elementor-widget elementor-widget-button\" data-id=\"f7135a8\" data-element_type=\"widget\" data-e-type=\"widget\" data-widget_type=\"button.default\">\n\t\t\t\t\t\t\t\t\t\t<a class=\"elementor-button elementor-button-link elementor-size-sm elementor-animation-pulse\" href=\"https:\/\/glowingrebel.de\/en\/neueroeffnungsangebot\/\">\n\t\t\t\t\t\t<span class=\"elementor-button-content-wrapper\">\n\t\t\t\t\t\t\t\t\t<span class=\"elementor-button-text\">Zu den Aktionsbedingungen<\/span>\n\t\t\t\t\t<\/span>\n\t\t\t\t\t<\/a>\n\t\t\t\t\t\t\t\t<\/div>\n\t\t\t\t<div class=\"elementor-element elementor-element-3908041 elementor-widget-divider--view-line elementor-widget elementor-widget-divider\" data-id=\"3908041\" data-element_type=\"widget\" data-e-type=\"widget\" data-widget_type=\"divider.default\">\n\t\t\t\t\t\t\t<div class=\"elementor-divider\">\n\t\t\t<span class=\"elementor-divider-separator\">\n\t\t\t\t\t\t<\/span>\n\t\t<\/div>\n\t\t\t\t\t\t<\/div>\n\t\t\t\t<\/div>\n\t\t\t\t\t<\/div>\n\t\t\t\t<\/div>\n\t\t<div class=\"elementor-element elementor-element-815baf5 e-flex e-con-boxed e-con e-parent\" data-id=\"815baf5\" data-element_type=\"container\" data-e-type=\"container\" data-settings=\"{&quot;motion_fx_motion_fx_scrolling&quot;:&quot;yes&quot;,&quot;motion_fx_translateY_effect&quot;:&quot;yes&quot;,&quot;animation&quot;:&quot;none&quot;,&quot;motion_fx_translateY_speed&quot;:{&quot;unit&quot;:&quot;px&quot;,&quot;size&quot;:4,&quot;sizes&quot;:[]},&quot;motion_fx_translateY_affectedRange&quot;:{&quot;unit&quot;:&quot;%&quot;,&quot;size&quot;:&quot;&quot;,&quot;sizes&quot;:{&quot;start&quot;:0,&quot;end&quot;:100}},&quot;motion_fx_devices&quot;:[&quot;desktop&quot;,&quot;tablet&quot;,&quot;mobile&quot;]}\">\n\t\t\t\t\t<div class=\"e-con-inner\">\n\t\t\t\t<div class=\"elementor-element elementor-element-e3a6d59 e-con e-atomic-element e-div-block-base e-e3a6d59-30c9500\" data-id=\"e3a6d59\" data-element_type=\"e-div-block\" data-e-type=\"e-div-block\" data-interaction-id=\"e3a6d59\" data-e-type=\"e-div-block\" data-id=\"e3a6d59\">\n\t\t\t\t\t\t\t<h2 \n\t\tdata-interaction-id=\"944d3dd\" \n\t\tclass=\"e-944d3dd-c798fd4 e-heading-base\" \n\t\t \n\t\tdata-e-type=\"widget\" data-id=\"944d3dd\"\n\t>\n\t\n\t\t\tExlusives M\u00e4nnertags-Angebot: 20%Rabatt f\u00fcr M\u00e4nner\n\t\t<\/h2>\n\t\t\t\t\t\n<hr class=\"e-7992438-0855c3d e-divider-base\" data-interaction-id=\"7992438\"  data-e-type=\"widget\" data-id=\"7992438\" \/>\n\t\t\t\t\t\t\t\t<p class=\"e-8bb98b0-149289c e-paragraph-base\" data-interaction-id=\"8bb98b0\"  data-e-type=\"widget\" data-id=\"8bb98b0\" >\n\t\t\t\t\t\t\t\tG\u00f6nnen Sie sich eine Auszeit vom Alltag und erleben Sie pure Entspannung auf h\u00f6chstem Niveau.&nbsp;<br>Vom 10.05.2026 bis 29.05.2026 20%* Rabatt nur f\u00fcr M\u00e4nner!<br>\n\t\t\t\t\t<\/p>\n\t\t\t\t<div class=\"elementor-element elementor-element-a0f0f5c elementor-headline--style-highlight elementor-widget elementor-widget-animated-headline\" data-id=\"a0f0f5c\" data-element_type=\"widget\" data-e-type=\"widget\" data-settings=\"{&quot;highlighted_text&quot;:&quot;MANN26&quot;,&quot;headline_style&quot;:&quot;highlight&quot;,&quot;marker&quot;:&quot;circle&quot;,&quot;highlight_animation_duration&quot;:1200}\" data-widget_type=\"animated-headline.default\">\n\t\t\t\t\t\t\t<span class=\"elementor-headline\">\n\t\t\t\t\t<span class=\"elementor-headline-plain-text elementor-headline-text-wrapper\">Code:<\/span>\n\t\t\t\t<span class=\"elementor-headline-dynamic-wrapper elementor-headline-text-wrapper\">\n\t\t\t\t\t<span class=\"elementor-headline-dynamic-text elementor-headline-text-active\">MANN26<\/span>\n\t\t\t\t<\/span>\n\t\t\t\t\t<span class=\"elementor-headline-plain-text elementor-headline-text-wrapper\">exclusiv f\u00fcr M\u00e4nner<\/span>\n\t\t\t\t\t<\/span>\n\t\t\t\t\t\t<\/div>\n\t\t\t\t<div class=\"elementor-element elementor-element-3fdc741 elementor-icon-list--layout-traditional elementor-list-item-link-full_width elementor-widget elementor-widget-icon-list\" data-id=\"3fdc741\" data-element_type=\"widget\" data-e-type=\"widget\" data-widget_type=\"icon-list.default\">\n\t\t\t\t\t\t\t<ul class=\"elementor-icon-list-items\">\n\t\t\t\t\t\t\t<li class=\"elementor-icon-list-item\">\n\t\t\t\t\t\t\t\t\t\t\t<span class=\"elementor-icon-list-icon\">\n\t\t\t\t\t\t\t<svg aria-hidden=\"true\" class=\"e-font-icon-svg e-fas-check\" viewBox=\"0 0 512 512\" xmlns=\"http:\/\/www.w3.org\/2000\/svg\"><path d=\"M173.898 439.404l-166.4-166.4c-9.997-9.997-9.997-26.206 0-36.204l36.203-36.204c9.997-9.998 26.207-9.998 36.204 0L192 312.69 432.095 72.596c9.997-9.997 26.207-9.997 36.204 0l36.203 36.204c9.997 9.997 9.997 26.206 0 36.204l-294.4 294.401c-9.998 9.997-26.207 9.997-36.204-.001z\"><\/path><\/svg>\t\t\t\t\t\t<\/span>\n\t\t\t\t\t\t\t\t\t\t<span class=\"elementor-icon-list-text\">Gesichtsbehandlung f\u00fcr M\u00e4nner &amp; Aquafacial \u2013 nur <b>72,00\u20ac<\/b> statt 90,00\u20ac <\/span>\n\t\t\t\t\t\t\t\t\t<\/li>\n\t\t\t\t\t\t\t\t<li class=\"elementor-icon-list-item\">\n\t\t\t\t\t\t\t\t\t\t\t<span class=\"elementor-icon-list-icon\">\n\t\t\t\t\t\t\t<svg aria-hidden=\"true\" class=\"e-font-icon-svg e-fas-check\" viewBox=\"0 0 512 512\" xmlns=\"http:\/\/www.w3.org\/2000\/svg\"><path d=\"M173.898 439.404l-166.4-166.4c-9.997-9.997-9.997-26.206 0-36.204l36.203-36.204c9.997-9.998 26.207-9.998 36.204 0L192 312.69 432.095 72.596c9.997-9.997 26.207-9.997 36.204 0l36.203 36.204c9.997 9.997 9.997 26.206 0 36.204l-294.4 294.401c-9.998 9.997-26.207 9.997-36.204-.001z\"><\/path><\/svg>\t\t\t\t\t\t<\/span>\n\t\t\t\t\t\t\t\t\t\t<span class=\"elementor-icon-list-text\">Anti-Stress-Massage (45 Min.) \u2013 nur <b>36,00\u20ac<\/b> statt 45,00\u20ac <\/span>\n\t\t\t\t\t\t\t\t\t<\/li>\n\t\t\t\t\t\t\t\t<li class=\"elementor-icon-list-item\">\n\t\t\t\t\t\t\t\t\t\t\t<span class=\"elementor-icon-list-icon\">\n\t\t\t\t\t\t\t<svg aria-hidden=\"true\" class=\"e-font-icon-svg e-fas-check\" viewBox=\"0 0 512 512\" xmlns=\"http:\/\/www.w3.org\/2000\/svg\"><path d=\"M173.898 439.404l-166.4-166.4c-9.997-9.997-9.997-26.206 0-36.204l36.203-36.204c9.997-9.998 26.207-9.998 36.204 0L192 312.69 432.095 72.596c9.997-9.997 26.207-9.997 36.204 0l36.203 36.204c9.997 9.997 9.997 26.206 0 36.204l-294.4 294.401c-9.998 9.997-26.207 9.997-36.204-.001z\"><\/path><\/svg>\t\t\t\t\t\t<\/span>\n\t\t\t\t\t\t\t\t\t\t<span class=\"elementor-icon-list-text\">Fu\u00dfreflexzonenmassage (30 Min.) \u2013 nur <b>28,00\u20ac<\/b> statt 35,00\u20ac <\/span>\n\t\t\t\t\t\t\t\t\t<\/li>\n\t\t\t\t\t\t<\/ul>\n\t\t\t\t\t\t<\/div>\n\t\t\t\t<div class=\"elementor-element elementor-element-a91ad96 e-con e-atomic-element e-div-block-base\" data-id=\"a91ad96\" data-element_type=\"e-div-block\" data-e-type=\"e-div-block\" data-interaction-id=\"a91ad96\" data-e-type=\"e-div-block\" data-id=\"a91ad96\">\n\t\t\t\t<div class=\"elementor-element elementor-element-1092fb5 elementor-align-center elementor-widget__width-auto elementor-widget elementor-widget-button\" data-id=\"1092fb5\" data-element_type=\"widget\" data-e-type=\"widget\" data-widget_type=\"button.default\">\n\t\t\t\t\t\t\t\t\t\t<a class=\"elementor-button elementor-button-link elementor-size-sm elementor-animation-pulse\" href=\"#elementor-action%3Aaction%3Dpopup%3Aopen%26settings%3DeyJpZCI6IjI2NTciLCJ0b2dnbGUiOmZhbHNlfQ%3D%3D\">\n\t\t\t\t\t\t<span class=\"elementor-button-content-wrapper\">\n\t\t\t\t\t\t\t\t\t<span class=\"elementor-button-text\">Jetzt Termin buchen<\/span>\n\t\t\t\t\t<\/span>\n\t\t\t\t\t<\/a>\n\t\t\t\t\t\t\t\t<\/div>\n\t\t\t\t<\/div>\n\t\t\t\t<\/div>\n\t\t\t\t\t\t\t\t<p class=\"e-5474e00-4715197 e-paragraph-base\" data-interaction-id=\"5474e00\"  data-e-type=\"widget\" data-id=\"5474e00\" >\n\t\t\t\t\t\t\t\tZeit f\u00fcr Sie. Zeit zum Abschalten.<br>Reservieren Sie jetzt Ihren Termin.\n\t\t\t\t\t<\/p>\n\t\t\t\t<div class=\"elementor-element elementor-element-ac473f3 elementor-align-center elementor-widget__width-auto elementor-widget elementor-widget-button\" data-id=\"ac473f3\" data-element_type=\"widget\" data-e-type=\"widget\" data-widget_type=\"button.default\">\n\t\t\t\t\t\t\t\t\t\t<a class=\"elementor-button elementor-button-link elementor-size-sm elementor-animation-pulse\" href=\"https:\/\/glowingrebel.de\/en\/maennertags-special\/\">\n\t\t\t\t\t\t<span class=\"elementor-button-content-wrapper\">\n\t\t\t\t\t\t\t\t\t<span class=\"elementor-button-text\">Zu den Aktionsbedingungen<\/span>\n\t\t\t\t\t<\/span>\n\t\t\t\t\t<\/a>\n\t\t\t\t\t\t\t\t<\/div>\n\t\t\t\t\t<\/div>\n\t\t\t\t<\/div>\n\t\t<div class=\"elementor-element elementor-element-b888ff3 e-flex e-con-boxed e-con e-parent\" data-id=\"b888ff3\" data-element_type=\"container\" data-e-type=\"container\">\n\t\t\t\t\t<div class=\"e-con-inner\">\n\t\t\t\t<div class=\"elementor-element elementor-element-f5620ad elementor-widget elementor-widget-menu-anchor\" data-id=\"f5620ad\" data-element_type=\"widget\" data-e-type=\"widget\" data-widget_type=\"menu-anchor.default\">\n\t\t\t\t\t\t\t<div class=\"elementor-menu-anchor\" id=\"GesichterdesHandwerks\"><\/div>\n\t\t\t\t\t\t<\/div>\n\t\t<div class=\"elementor-element elementor-element-08e6d3d e-con-full e-flex e-con e-child\" data-id=\"08e6d3d\" data-element_type=\"container\" data-e-type=\"container\">\n\t\t<div class=\"elementor-element elementor-element-dfd6e39 e-con-full e-flex e-con e-child\" data-id=\"dfd6e39\" data-element_type=\"container\" data-e-type=\"container\">\n\t\t\t\t<div class=\"elementor-element elementor-element-ff62683 elementor-widget__width-initial elementor-widget elementor-widget-image\" data-id=\"ff62683\" data-element_type=\"widget\" data-e-type=\"widget\" data-widget_type=\"image.default\">\n\t\t\t\t\t\t\t\t\t\t\t\t\t\t\t<img fetchpriority=\"high\" decoding=\"async\" width=\"1345\" height=\"2125\" src=\"https:\/\/glowingrebel.de\/wp-content\/uploads\/2026\/04\/Gesicht_des_Handwerks.png\" class=\"attachment-full size-full wp-image-2477\" alt=\"\" srcset=\"https:\/\/glowingrebel.de\/wp-content\/uploads\/2026\/04\/Gesicht_des_Handwerks.png 1345w, https:\/\/glowingrebel.de\/wp-content\/uploads\/2026\/04\/Gesicht_des_Handwerks-190x300.png 190w, https:\/\/glowingrebel.de\/wp-content\/uploads\/2026\/04\/Gesicht_des_Handwerks-768x1213.png 768w, https:\/\/glowingrebel.de\/wp-content\/uploads\/2026\/04\/Gesicht_des_Handwerks-972x1536.png 972w, https:\/\/glowingrebel.de\/wp-content\/uploads\/2026\/04\/Gesicht_des_Handwerks-1296x2048.png 1296w, https:\/\/glowingrebel.de\/wp-content\/uploads\/2026\/04\/Gesicht_des_Handwerks-8x12.png 8w\" sizes=\"(max-width: 1345px) 100vw, 1345px\" \/>\t\t\t\t\t\t\t\t\t\t\t\t\t\t\t<\/div>\n\t\t<div class=\"elementor-element elementor-element-8579ae9 e-con-full e-flex e-con e-child\" data-id=\"8579ae9\" data-element_type=\"container\" data-e-type=\"container\">\n\t\t\t\t<div class=\"elementor-element elementor-element-fab8e65 elementor-widget-mobile__width-inherit elementor-widget elementor-widget-heading\" data-id=\"fab8e65\" data-element_type=\"widget\" data-e-type=\"widget\" data-widget_type=\"heading.default\">\n\t\t\t\t\t<h1 class=\"elementor-heading-title elementor-size-default\"><a href=\"https:\/\/www.gesichter-des-handwerks.de\/\" target=\"_blank\">Gesichter des Handwerks<\/a><\/h1>\t\t\t\t<\/div>\n\t\t\t\t<div class=\"elementor-element elementor-element-c87db83 elementor-invisible elementor-widget elementor-widget-text-editor\" data-id=\"c87db83\" data-element_type=\"widget\" data-e-type=\"widget\" data-settings=\"{&quot;_animation&quot;:&quot;fadeIn&quot;,&quot;_animation_delay&quot;:600}\" data-widget_type=\"text-editor.default\">\n\t\t\t\t\t\t\t\t\t<p data-start=\"67\" data-end=\"332\">Ich freue mich sehr \u00fcber Ihre Stimme!<\/p>\t\t\t\t\t\t\t\t<\/div>\n\t\t\t\t<div class=\"elementor-element elementor-element-401dd2d elementor-align-center elementor-widget__width-auto elementor-widget elementor-widget-button\" data-id=\"401dd2d\" data-element_type=\"widget\" data-e-type=\"widget\" data-widget_type=\"button.default\">\n\t\t\t\t\t\t\t\t\t\t<a class=\"elementor-button elementor-button-link elementor-size-sm elementor-animation-pulse\" href=\"https:\/\/www.gesichter-des-handwerks.de\/voting\" target=\"_blank\">\n\t\t\t\t\t\t<span class=\"elementor-button-content-wrapper\">\n\t\t\t\t\t\t<span class=\"elementor-button-icon\">\n\t\t\t\t<svg aria-hidden=\"true\" class=\"e-font-icon-svg e-far-arrow-alt-circle-right\" viewBox=\"0 0 512 512\" xmlns=\"http:\/\/www.w3.org\/2000\/svg\"><path d=\"M504 256C504 119 393 8 256 8S8 119 8 256s111 248 248 248 248-111 248-248zm-448 0c0-110.5 89.5-200 200-200s200 89.5 200 200-89.5 200-200 200S56 366.5 56 256zm72 20v-40c0-6.6 5.4-12 12-12h116v-67c0-10.7 12.9-16 20.5-8.5l99 99c4.7 4.7 4.7 12.3 0 17l-99 99c-7.6 7.6-20.5 2.2-20.5-8.5v-67H140c-6.6 0-12-5.4-12-12z\"><\/path><\/svg>\t\t\t<\/span>\n\t\t\t\t\t\t\t\t\t<span class=\"elementor-button-text\">Zur Abstimmung<\/span>\n\t\t\t\t\t<\/span>\n\t\t\t\t\t<\/a>\n\t\t\t\t\t\t\t\t<\/div>\n\t\t\t\t<div class=\"elementor-element elementor-element-a7da3aa elementor-widget elementor-widget-text-editor\" data-id=\"a7da3aa\" data-element_type=\"widget\" data-e-type=\"widget\" data-widget_type=\"text-editor.default\">\n\t\t\t\t\t\t\t\t\t<p data-start=\"67\" data-end=\"332\">Als Gesicht des Handwerks stehe ich f\u00fcr eine Generation von Machern und Anpackern. Ihre Stimme z\u00e4hlt!<br data-start=\"209\" data-end=\"212\" \/>Im \u00f6ffentlichen Voting der Handwerkskammer Erfurt k\u00f6nnen Sie f\u00fcr mich abstimmen und damit das Handwerk sichtbar st\u00e4rken.<\/p><p data-start=\"67\" data-end=\"332\"><a class=\"decorated-link\" href=\"https:\/\/www.gesichter-des-handwerks.de\/voting\" target=\"_blank\" rel=\"noopener\" data-start=\"356\" data-end=\"395\">https:\/\/www.gesichter-des-handwerks.de\/voting<\/a><\/p><p data-start=\"397\" data-end=\"432\">Vielen Dank f\u00fcr Ihre Unterst\u00fctzung!<\/p>\t\t\t\t\t\t\t\t<\/div>\n\t\t\t\t<\/div>\n\t\t\t\t<\/div>\n\t\t\t\t<\/div>\n\t\t\t\t\t<\/div>\n\t\t\t\t<\/div>\n\t\t\t\t<\/div>\n\t\t","protected":false},"excerpt":{"rendered":"<p>Hier finden Sie alle Aktionen Neuer\u00f6ffnungsfeier Herzliche Einladung zur Neuer\u00f6ffnungsfeier am 30.05.2026 um 12 Uhr \u2013 Schlachthofstra\u00dfe 4a, WeimarSelbstverst\u00e4ndlich k\u00f6nnen Sie mich schon vorher zu einer Behandlung besuchen. Zu den Aktionsbedingungen Exlusives M\u00e4nnertags-Angebot: 20%Rabatt f\u00fcr M\u00e4nner G\u00f6nnen Sie sich eine Auszeit vom Alltag und erleben Sie pure Entspannung auf h\u00f6chstem Niveau.&nbsp;Vom 10.05.2026 bis 29.05.2026 20%* [&hellip;]<\/p>\n","protected":false},"author":1,"featured_media":0,"parent":0,"menu_order":0,"comment_status":"closed","ping_status":"closed","template":"","meta":{"footnotes":""},"class_list":["post-654","page","type-page","status-publish","hentry"],"aioseo_notices":[],"_links":{"self":[{"href":"https:\/\/glowingrebel.de\/en\/wp-json\/wp\/v2\/pages\/654","targetHints":{"allow":["GET"]}}],"collection":[{"href":"https:\/\/glowingrebel.de\/en\/wp-json\/wp\/v2\/pages"}],"about":[{"href":"https:\/\/glowingrebel.de\/en\/wp-json\/wp\/v2\/types\/page"}],"author":[{"embeddable":true,"href":"https:\/\/glowingrebel.de\/en\/wp-json\/wp\/v2\/users\/1"}],"replies":[{"embeddable":true,"href":"https:\/\/glowingrebel.de\/en\/wp-json\/wp\/v2\/comments?post=654"}],"version-history":[{"count":76,"href":"https:\/\/glowingrebel.de\/en\/wp-json\/wp\/v2\/pages\/654\/revisions"}],"predecessor-version":[{"id":3158,"href":"https:\/\/glowingrebel.de\/en\/wp-json\/wp\/v2\/pages\/654\/revisions\/3158"}],"wp:attachment":[{"href":"https:\/\/glowingrebel.de\/en\/wp-json\/wp\/v2\/media?parent=654"}],"curies":[{"name":"wp","href":"https:\/\/api.w.org\/{rel}","templated":true}]}}