{"id":2118,"date":"2026-03-22T20:59:49","date_gmt":"2026-03-22T19:59:49","guid":{"rendered":"https:\/\/glowingrebel.de\/?page_id=2118"},"modified":"2026-03-23T21:21:11","modified_gmt":"2026-03-23T20:21:11","slug":"ai-transparency","status":"publish","type":"page","link":"https:\/\/glowingrebel.de\/en\/ai-transparency\/","title":{"rendered":"AI Transparency"},"content":{"rendered":"<div data-elementor-type=\"wp-page\" data-elementor-id=\"2118\" class=\"elementor elementor-2118\" data-elementor-post-type=\"page\">\n\t\t\t\t<div class=\"elementor-element elementor-element-c6e5d73 e-flex e-con-boxed e-con e-parent\" data-id=\"c6e5d73\" data-element_type=\"container\" data-e-type=\"container\">\n\t\t\t\t\t<div class=\"e-con-inner\">\n\t\t\t\t<div class=\"elementor-element elementor-element-8c0a16a elementor-widget elementor-widget-heading\" data-id=\"8c0a16a\" data-element_type=\"widget\" data-e-type=\"widget\" data-widget_type=\"heading.default\">\n\t\t\t\t\t<h2 class=\"elementor-heading-title elementor-size-default\">Transparenz zum Einsatz von K\u00fcnstlicher Intelligenz (KI)<\/h2>\t\t\t\t<\/div>\n\t\t\t\t<div class=\"elementor-element elementor-element-cc921d2 elementor-widget elementor-widget-heading\" data-id=\"cc921d2\" data-element_type=\"widget\" data-e-type=\"widget\" data-widget_type=\"heading.default\">\n\t\t\t\t\t<h2 class=\"elementor-heading-title elementor-size-default\">Allgemeine Informationen<\/h2>\t\t\t\t<\/div>\n\t\t\t\t<div class=\"elementor-element elementor-element-209ba6f elementor-widget-divider--view-line elementor-widget elementor-widget-divider\" data-id=\"209ba6f\" data-element_type=\"widget\" data-e-type=\"widget\" data-widget_type=\"divider.default\">\n\t\t\t\t\t\t\t<div class=\"elementor-divider\">\n\t\t\t<span class=\"elementor-divider-separator\">\n\t\t\t\t\t\t<\/span>\n\t\t<\/div>\n\t\t\t\t\t\t<\/div>\n\t\t<div class=\"elementor-element elementor-element-dd6fcfb e-con-full e-flex e-con e-child\" data-id=\"dd6fcfb\" data-element_type=\"container\" data-e-type=\"container\">\n\t\t\t\t<div class=\"elementor-element elementor-element-af4e875 elementor-widget__width-initial ai-generated elementor-widget elementor-widget-image\" data-id=\"af4e875\" data-element_type=\"widget\" data-e-type=\"widget\" data-widget_type=\"image.default\">\n\t\t\t\t\t\t\t\t\t\t\t\t\t\t\t<img fetchpriority=\"high\" decoding=\"async\" width=\"800\" height=\"800\" src=\"https:\/\/glowingrebel.de\/wp-content\/uploads\/2026\/03\/Wasserzeichen_KI_Logo.webp\" class=\"attachment-large size-large wp-image-2123\" alt=\"\" srcset=\"https:\/\/glowingrebel.de\/wp-content\/uploads\/2026\/03\/Wasserzeichen_KI_Logo.webp 1920w, https:\/\/glowingrebel.de\/wp-content\/uploads\/2026\/03\/Wasserzeichen_KI_Logo-300x300.webp 300w, https:\/\/glowingrebel.de\/wp-content\/uploads\/2026\/03\/Wasserzeichen_KI_Logo-150x150.webp 150w, https:\/\/glowingrebel.de\/wp-content\/uploads\/2026\/03\/Wasserzeichen_KI_Logo-768x768.png 768w, https:\/\/glowingrebel.de\/wp-content\/uploads\/2026\/03\/Wasserzeichen_KI_Logo-1536x1536.png 1536w, https:\/\/glowingrebel.de\/wp-content\/uploads\/2026\/03\/Wasserzeichen_KI_Logo-2048x2048.png 2048w, https:\/\/glowingrebel.de\/wp-content\/uploads\/2026\/03\/Wasserzeichen_KI_Logo-12x12.png 12w\" sizes=\"(max-width: 800px) 100vw, 800px\" \/>\t\t\t\t\t\t\t\t\t\t\t\t\t\t\t<\/div>\n\t\t\t\t<div class=\"elementor-element elementor-element-897dab5 elementor-view-default elementor-widget elementor-widget-icon\" data-id=\"897dab5\" data-element_type=\"widget\" data-e-type=\"widget\" data-widget_type=\"icon.default\">\n\t\t\t\t\t\t\t<div class=\"elementor-icon-wrapper\">\n\t\t\t<div class=\"elementor-icon\">\n\t\t\t<svg aria-hidden=\"true\" class=\"e-font-icon-svg e-fas-star\" viewbox=\"0 0 576 512\" xmlns=\"http:\/\/www.w3.org\/2000\/svg\"><path d=\"M259.3 17.8L194 150.2 47.9 171.5c-26.2 3.8-36.7 36.1-17.7 54.6l105.7 103-25 145.5c-4.5 26.3 23.2 46 46.4 33.7L288 439.6l130.7 68.7c23.2 12.2 50.9-7.4 46.4-33.7l-25-145.5 105.7-103c19-18.5 8.5-50.8-17.7-54.6L382 150.2 316.7 17.8c-11.7-23.6-45.6-23.9-57.4 0z\"><\/path><\/svg>\t\t\t<\/div>\n\t\t<\/div>\n\t\t\t\t\t\t<\/div>\n\t\t\t\t<div class=\"elementor-element elementor-element-dcd56be elementor-widget elementor-widget-text-editor\" data-id=\"dcd56be\" data-element_type=\"widget\" data-e-type=\"widget\" data-widget_type=\"text-editor.default\">\n\t\t\t\t\t\t\t\t\t<p style=\"text-align: center;\">Auf dieser Website k\u00f6nnen Inhalte erscheinen, die unter Verwendung von Systemen der <strong>k\u00fcnstlichen Intelligenz (KI)<\/strong> erstellt, unterst\u00fctzt oder bearbeitet wurden.<\/p><p style=\"text-align: center;\">Gem\u00e4\u00df den Transparenzanforderungen des<strong> EU Artificial Intelligence Act<\/strong> informieren wir Nutzerinnen und Nutzer dar\u00fcber, wenn Inhalte ganz oder teilweise mithilfe automatisierter KI-Systeme erzeugt wurden.<\/p><p style=\"text-align: center;\">Die Kennzeichnung erfolgt \u00fcber visuelle Hinweise und erl\u00e4uternde Texte.<\/p>\t\t\t\t\t\t\t\t<\/div>\n\t\t\t\t<\/div>\n\t\t\t\t<div class=\"elementor-element elementor-element-e17a114 elementor-widget-divider--view-line elementor-widget elementor-widget-divider\" data-id=\"e17a114\" data-element_type=\"widget\" data-e-type=\"widget\" data-widget_type=\"divider.default\">\n\t\t\t\t\t\t\t<div class=\"elementor-divider\">\n\t\t\t<span class=\"elementor-divider-separator\">\n\t\t\t\t\t\t<\/span>\n\t\t<\/div>\n\t\t\t\t\t\t<\/div>\n\t\t\t\t<div class=\"elementor-element elementor-element-da9d828 elementor-widget elementor-widget-heading\" data-id=\"da9d828\" data-element_type=\"widget\" data-e-type=\"widget\" data-widget_type=\"heading.default\">\n\t\t\t\t\t<h2 class=\"elementor-heading-title elementor-size-default\">Kennzeichnungssysteme f\u00fcr KI-Inhalte<\/h2>\t\t\t\t<\/div>\n\t\t<div class=\"elementor-element elementor-element-0d62278 e-con-full e-flex elementor-invisible e-con e-child\" data-id=\"0d62278\" data-element_type=\"container\" data-e-type=\"container\" data-settings=\"{&quot;animation&quot;:&quot;slideInUp&quot;}\">\n\t\t<div class=\"elementor-element elementor-element-462d713 e-con-full e-flex elementor-invisible e-con e-child\" data-id=\"462d713\" data-element_type=\"container\" data-e-type=\"container\" data-settings=\"{&quot;background_background&quot;:&quot;classic&quot;,&quot;animation&quot;:&quot;slideInUp&quot;}\">\n\t\t<div class=\"elementor-element elementor-element-cf8ad32 e-con-full e-flex e-con e-child\" data-id=\"cf8ad32\" data-element_type=\"container\" data-e-type=\"container\">\n\t\t\t\t<div class=\"elementor-element elementor-element-76c1725 elementor-widget elementor-widget-text-editor\" data-id=\"76c1725\" data-element_type=\"widget\" data-e-type=\"widget\" data-widget_type=\"text-editor.default\">\n\t\t\t\t\t\t\t\t\t<p>AI GENERATED<\/p>\t\t\t\t\t\t\t\t<\/div>\n\t\t\t\t<div class=\"elementor-element elementor-element-2d981af elementor-widget__width-initial ai-generated elementor-widget elementor-widget-image\" data-id=\"2d981af\" data-element_type=\"widget\" data-e-type=\"widget\" data-widget_type=\"image.default\">\n\t\t\t\t\t\t\t\t\t\t\t\t\t\t\t<img decoding=\"async\" width=\"800\" height=\"389\" src=\"https:\/\/glowingrebel.de\/wp-content\/uploads\/2026\/03\/Wasserzeichen_KI_generiert-scaled.png\" class=\"attachment-large size-large wp-image-2127\" alt=\"\" srcset=\"https:\/\/glowingrebel.de\/wp-content\/uploads\/2026\/03\/Wasserzeichen_KI_generiert-scaled.png 2560w, https:\/\/glowingrebel.de\/wp-content\/uploads\/2026\/03\/Wasserzeichen_KI_generiert-300x146.png 300w, https:\/\/glowingrebel.de\/wp-content\/uploads\/2026\/03\/Wasserzeichen_KI_generiert-768x374.png 768w, https:\/\/glowingrebel.de\/wp-content\/uploads\/2026\/03\/Wasserzeichen_KI_generiert-1536x747.png 1536w, https:\/\/glowingrebel.de\/wp-content\/uploads\/2026\/03\/Wasserzeichen_KI_generiert-2048x996.png 2048w, https:\/\/glowingrebel.de\/wp-content\/uploads\/2026\/03\/Wasserzeichen_KI_generiert-18x9.png 18w\" sizes=\"(max-width: 800px) 100vw, 800px\" \/>\t\t\t\t\t\t\t\t\t\t\t\t\t\t\t<\/div>\n\t\t\t\t<\/div>\n\t\t<div class=\"elementor-element elementor-element-2b69164 e-con-full e-flex e-con e-child\" data-id=\"2b69164\" data-element_type=\"container\" data-e-type=\"container\">\n\t\t<div class=\"elementor-element elementor-element-15c0eca e-con-full e-flex e-con e-child\" data-id=\"15c0eca\" data-element_type=\"container\" data-e-type=\"container\">\n\t\t\t\t<div class=\"elementor-element elementor-element-a134ef2 elementor-widget elementor-widget-text-editor\" data-id=\"a134ef2\" data-element_type=\"widget\" data-e-type=\"widget\" data-widget_type=\"text-editor.default\">\n\t\t\t\t\t\t\t\t\t<h3><strong>AI Generated \u2013 vollst\u00e4ndig durch KI erstellt<\/strong><\/h3>\t\t\t\t\t\t\t\t<\/div>\n\t\t\t\t<div class=\"elementor-element elementor-element-7f2f7d9 elementor-widget elementor-widget-text-editor\" data-id=\"7f2f7d9\" data-element_type=\"widget\" data-e-type=\"widget\" data-widget_type=\"text-editor.default\">\n\t\t\t\t\t\t\t\t\t<h3>Diese Inhalte wurden vollst\u00e4ndig durch k\u00fcnstliche Intelligenz erzeugt.<\/h3>\t\t\t\t\t\t\t\t<\/div>\n\t\t\t\t<div class=\"elementor-element elementor-element-4364929 elementor-widget elementor-widget-text-editor\" data-id=\"4364929\" data-element_type=\"widget\" data-e-type=\"widget\" data-widget_type=\"text-editor.default\">\n\t\t\t\t\t\t\t\t\t<ul><li>KI-generierte Bilder<\/li><li>automatische Visualisierungen<\/li><li>Inhalte aus Textprompts<\/li><\/ul>\t\t\t\t\t\t\t\t<\/div>\n\t\t\t\t<\/div>\n\t\t\t\t<\/div>\n\t\t\t\t<\/div>\n\t\t<div class=\"elementor-element elementor-element-0188ed8 e-con-full e-flex elementor-invisible e-con e-child\" data-id=\"0188ed8\" data-element_type=\"container\" data-e-type=\"container\" data-settings=\"{&quot;background_background&quot;:&quot;classic&quot;,&quot;animation&quot;:&quot;slideInUp&quot;}\">\n\t\t<div class=\"elementor-element elementor-element-e86ba4b e-con-full e-flex e-con e-child\" data-id=\"e86ba4b\" data-element_type=\"container\" data-e-type=\"container\">\n\t\t\t\t<div class=\"elementor-element elementor-element-38944ee elementor-widget elementor-widget-text-editor\" data-id=\"38944ee\" data-element_type=\"widget\" data-e-type=\"widget\" data-widget_type=\"text-editor.default\">\n\t\t\t\t\t\t\t\t\t<p>AI EDITED<\/p>\t\t\t\t\t\t\t\t<\/div>\n\t\t\t\t<div class=\"elementor-element elementor-element-f57c4cb elementor-widget__width-initial ai-generated elementor-widget elementor-widget-image\" data-id=\"f57c4cb\" data-element_type=\"widget\" data-e-type=\"widget\" data-widget_type=\"image.default\">\n\t\t\t\t\t\t\t\t\t\t\t\t\t\t\t<img decoding=\"async\" width=\"800\" height=\"476\" src=\"https:\/\/glowingrebel.de\/wp-content\/uploads\/2026\/03\/Wasserzeichen_KI_edited-scaled.png\" class=\"attachment-large size-large wp-image-2125\" alt=\"\" srcset=\"https:\/\/glowingrebel.de\/wp-content\/uploads\/2026\/03\/Wasserzeichen_KI_edited-scaled.png 2560w, https:\/\/glowingrebel.de\/wp-content\/uploads\/2026\/03\/Wasserzeichen_KI_edited-300x179.png 300w, https:\/\/glowingrebel.de\/wp-content\/uploads\/2026\/03\/Wasserzeichen_KI_edited-768x457.png 768w, https:\/\/glowingrebel.de\/wp-content\/uploads\/2026\/03\/Wasserzeichen_KI_edited-1536x914.png 1536w, https:\/\/glowingrebel.de\/wp-content\/uploads\/2026\/03\/Wasserzeichen_KI_edited-2048x1219.png 2048w, https:\/\/glowingrebel.de\/wp-content\/uploads\/2026\/03\/Wasserzeichen_KI_edited-18x12.png 18w\" sizes=\"(max-width: 800px) 100vw, 800px\" \/>\t\t\t\t\t\t\t\t\t\t\t\t\t\t\t<\/div>\n\t\t\t\t<\/div>\n\t\t<div class=\"elementor-element elementor-element-7b0fda7 e-con-full e-flex e-con e-child\" data-id=\"7b0fda7\" data-element_type=\"container\" data-e-type=\"container\">\n\t\t<div class=\"elementor-element elementor-element-50a0c68 e-con-full e-flex e-con e-child\" data-id=\"50a0c68\" data-element_type=\"container\" data-e-type=\"container\">\n\t\t\t\t<div class=\"elementor-element elementor-element-3943b03 elementor-widget elementor-widget-text-editor\" data-id=\"3943b03\" data-element_type=\"widget\" data-e-type=\"widget\" data-widget_type=\"text-editor.default\">\n\t\t\t\t\t\t\t\t\t<h3><strong>AI Edited \u2013 mit KI nachbearbeitet<\/strong><\/h3>\t\t\t\t\t\t\t\t<\/div>\n\t\t\t\t<div class=\"elementor-element elementor-element-e8db640 elementor-widget elementor-widget-text-editor\" data-id=\"e8db640\" data-element_type=\"widget\" data-e-type=\"widget\" data-widget_type=\"text-editor.default\">\n\t\t\t\t\t\t\t\t\t<h3>Bestehende Inhalte wurden durch KI ver\u00e4ndert oder erg\u00e4nzt.<\/h3>\t\t\t\t\t\t\t\t<\/div>\n\t\t\t\t<div class=\"elementor-element elementor-element-a776d5a elementor-widget elementor-widget-text-editor\" data-id=\"a776d5a\" data-element_type=\"widget\" data-e-type=\"widget\" data-widget_type=\"text-editor.default\">\n\t\t\t\t\t\t\t\t\t<ul><li>Hintergr\u00fcnde ge\u00e4ndert<\/li><li>Objekte entfernt\/erg\u00e4nzt<\/li><li>Bildqualit\u00e4t verbessert<\/li><\/ul>\t\t\t\t\t\t\t\t<\/div>\n\t\t\t\t<\/div>\n\t\t\t\t<\/div>\n\t\t\t\t<\/div>\n\t\t<div class=\"elementor-element elementor-element-4371afa e-con-full e-flex elementor-invisible e-con e-child\" data-id=\"4371afa\" data-element_type=\"container\" data-e-type=\"container\" data-settings=\"{&quot;background_background&quot;:&quot;classic&quot;,&quot;animation&quot;:&quot;slideInUp&quot;}\">\n\t\t<div class=\"elementor-element elementor-element-d2ac5b6 e-con-full e-flex e-con e-child\" data-id=\"d2ac5b6\" data-element_type=\"container\" data-e-type=\"container\">\n\t\t\t\t<div class=\"elementor-element elementor-element-aee9743 elementor-widget elementor-widget-text-editor\" data-id=\"aee9743\" data-element_type=\"widget\" data-e-type=\"widget\" data-widget_type=\"text-editor.default\">\n\t\t\t\t\t\t\t\t\t<p>AI ASSISTED<\/p>\t\t\t\t\t\t\t\t<\/div>\n\t\t\t\t<div class=\"elementor-element elementor-element-c85147e elementor-widget__width-initial ai-generated elementor-widget elementor-widget-image\" data-id=\"c85147e\" data-element_type=\"widget\" data-e-type=\"widget\" data-widget_type=\"image.default\">\n\t\t\t\t\t\t\t\t\t\t\t\t\t\t\t<img loading=\"lazy\" decoding=\"async\" width=\"800\" height=\"441\" src=\"https:\/\/glowingrebel.de\/wp-content\/uploads\/2026\/03\/Wasserzeichen_KI_Assisted-scaled.png\" class=\"attachment-large size-large wp-image-2126\" alt=\"\" srcset=\"https:\/\/glowingrebel.de\/wp-content\/uploads\/2026\/03\/Wasserzeichen_KI_Assisted-scaled.png 2560w, https:\/\/glowingrebel.de\/wp-content\/uploads\/2026\/03\/Wasserzeichen_KI_Assisted-300x165.png 300w, https:\/\/glowingrebel.de\/wp-content\/uploads\/2026\/03\/Wasserzeichen_KI_Assisted-768x423.png 768w, https:\/\/glowingrebel.de\/wp-content\/uploads\/2026\/03\/Wasserzeichen_KI_Assisted-1536x846.png 1536w, https:\/\/glowingrebel.de\/wp-content\/uploads\/2026\/03\/Wasserzeichen_KI_Assisted-2048x1128.png 2048w, https:\/\/glowingrebel.de\/wp-content\/uploads\/2026\/03\/Wasserzeichen_KI_Assisted-18x10.png 18w\" sizes=\"(max-width: 800px) 100vw, 800px\" \/>\t\t\t\t\t\t\t\t\t\t\t\t\t\t\t<\/div>\n\t\t\t\t<\/div>\n\t\t<div class=\"elementor-element elementor-element-8bb428f e-con-full e-flex e-con e-child\" data-id=\"8bb428f\" data-element_type=\"container\" data-e-type=\"container\">\n\t\t<div class=\"elementor-element elementor-element-4e0d9d3 e-con-full e-flex e-con e-child\" data-id=\"4e0d9d3\" data-element_type=\"container\" data-e-type=\"container\">\n\t\t\t\t<div class=\"elementor-element elementor-element-120438a elementor-widget elementor-widget-text-editor\" data-id=\"120438a\" data-element_type=\"widget\" data-e-type=\"widget\" data-widget_type=\"text-editor.default\">\n\t\t\t\t\t\t\t\t\t<h3><strong>AI Assisted \u2013 mit Unterst\u00fctzung von KI erstellt<\/strong><\/h3>\t\t\t\t\t\t\t\t<\/div>\n\t\t\t\t<div class=\"elementor-element elementor-element-8167177 elementor-widget elementor-widget-text-editor\" data-id=\"8167177\" data-element_type=\"widget\" data-e-type=\"widget\" data-widget_type=\"text-editor.default\">\n\t\t\t\t\t\t\t\t\t<h3>Diese Inhalte wurden von Menschen erstellt, jedoch durch KI unterst\u00fctzt.<\/h3>\t\t\t\t\t\t\t\t<\/div>\n\t\t\t\t<div class=\"elementor-element elementor-element-aab1039 elementor-widget elementor-widget-text-editor\" data-id=\"aab1039\" data-element_type=\"widget\" data-e-type=\"widget\" data-widget_type=\"text-editor.default\">\n\t\t\t\t\t\t\t\t\t<ul><li>Ideenfindung<\/li><li>Design-Unterst\u00fctzung<\/li><li>Text- und Strukturhilfe<\/li><\/ul>\t\t\t\t\t\t\t\t<\/div>\n\t\t\t\t<\/div>\n\t\t\t\t<\/div>\n\t\t\t\t<\/div>\n\t\t\t\t<\/div>\n\t\t\t\t\t<\/div>\n\t\t\t\t<\/div>\n\t\t\t\t<\/div>","protected":false},"excerpt":{"rendered":"<p>Transparenz zum Einsatz von K\u00fcnstlicher Intelligenz (KI) Allgemeine Informationen Auf dieser Website k\u00f6nnen Inhalte erscheinen, die unter Verwendung von Systemen der k\u00fcnstlichen Intelligenz (KI) erstellt, unterst\u00fctzt oder bearbeitet wurden. Gem\u00e4\u00df den Transparenzanforderungen des EU Artificial Intelligence Act informieren wir Nutzerinnen und Nutzer dar\u00fcber, wenn Inhalte ganz oder teilweise mithilfe automatisierter KI-Systeme erzeugt wurden. Die Kennzeichnung [&hellip;]<\/p>\n","protected":false},"author":1,"featured_media":0,"parent":0,"menu_order":0,"comment_status":"closed","ping_status":"closed","template":"","meta":{"footnotes":""},"class_list":["post-2118","page","type-page","status-publish","hentry"],"aioseo_notices":[],"_links":{"self":[{"href":"https:\/\/glowingrebel.de\/en\/wp-json\/wp\/v2\/pages\/2118","targetHints":{"allow":["GET"]}}],"collection":[{"href":"https:\/\/glowingrebel.de\/en\/wp-json\/wp\/v2\/pages"}],"about":[{"href":"https:\/\/glowingrebel.de\/en\/wp-json\/wp\/v2\/types\/page"}],"author":[{"embeddable":true,"href":"https:\/\/glowingrebel.de\/en\/wp-json\/wp\/v2\/users\/1"}],"replies":[{"embeddable":true,"href":"https:\/\/glowingrebel.de\/en\/wp-json\/wp\/v2\/comments?post=2118"}],"version-history":[{"count":43,"href":"https:\/\/glowingrebel.de\/en\/wp-json\/wp\/v2\/pages\/2118\/revisions"}],"predecessor-version":[{"id":2171,"href":"https:\/\/glowingrebel.de\/en\/wp-json\/wp\/v2\/pages\/2118\/revisions\/2171"}],"wp:attachment":[{"href":"https:\/\/glowingrebel.de\/en\/wp-json\/wp\/v2\/media?parent=2118"}],"curies":[{"name":"wp","href":"https:\/\/api.w.org\/{rel}","templated":true}]}}