{"id":1961,"date":"2026-03-15T17:40:41","date_gmt":"2026-03-15T17:40:41","guid":{"rendered":"https:\/\/glowingrebel.de\/?page_id=1961"},"modified":"2026-03-15T18:43:36","modified_gmt":"2026-03-15T18:43:36","slug":"verwendete-produkte","status":"publish","type":"page","link":"https:\/\/glowingrebel.de\/en\/verwendete-produkte\/","title":{"rendered":"Verwendete Produkte"},"content":{"rendered":"<div data-elementor-type=\"wp-page\" data-elementor-id=\"1961\" class=\"elementor elementor-1961\" data-elementor-post-type=\"page\">\n\t\t\t\t<div class=\"elementor-element elementor-element-fed8711 e-flex e-con-boxed e-con e-parent\" data-id=\"fed8711\" data-element_type=\"container\" data-e-type=\"container\">\n\t\t\t\t\t<div class=\"e-con-inner\">\n\t\t\t\t<div class=\"elementor-element elementor-element-cd664d6 elementor-widget elementor-widget-heading\" data-id=\"cd664d6\" data-element_type=\"widget\" data-e-type=\"widget\" data-widget_type=\"heading.default\">\n\t\t\t\t\t<h2 class=\"elementor-heading-title elementor-size-default\">Verwendete Produkte<\/h2>\t\t\t\t<\/div>\n\t\t\t\t<div class=\"elementor-element elementor-element-07c68c9 elementor-widget elementor-widget-text-editor\" data-id=\"07c68c9\" data-element_type=\"widget\" data-e-type=\"widget\" data-widget_type=\"text-editor.default\">\n\t\t\t\t\t\t\t\t\t<p><span class=\"theming-theme-dark desktop-font-size-17\"><i>Als Kosmetikerin arbeite ich mit den hochwertigen Produkten der Firma <\/i><\/span><i>Yellow Rose Cosmetics und KORRES<\/i><span class=\"theming-theme-dark desktop-font-size-17\"><i>, die f\u00fcr ihre nat\u00fcrlichen Inhaltsstoffe aus Griechenland bekannt sind.\u00a0<\/i><\/span><\/p>\t\t\t\t\t\t\t\t<\/div>\n\t\t\t\t\t<\/div>\n\t\t\t\t<\/div>\n\t\t<div class=\"elementor-element elementor-element-d1edb03 e-flex e-con-boxed e-con e-parent\" data-id=\"d1edb03\" data-element_type=\"container\" data-e-type=\"container\" data-settings=\"{&quot;background_background&quot;:&quot;classic&quot;}\">\n\t\t\t\t\t<div class=\"e-con-inner\">\n\t\t<div class=\"elementor-element elementor-element-7a27349 e-con-full e-flex e-con e-child\" data-id=\"7a27349\" data-element_type=\"container\" data-e-type=\"container\">\n\t\t\t\t<div class=\"elementor-element elementor-element-f4cd03b elementor-widget elementor-widget-heading\" data-id=\"f4cd03b\" data-element_type=\"widget\" data-e-type=\"widget\" data-widget_type=\"heading.default\">\n\t\t\t\t\t<h2 class=\"elementor-heading-title elementor-size-default\">Tradition und griechische Pflanzenheilkunde<\/h2>\t\t\t\t<\/div>\n\t\t\t\t<div class=\"elementor-element elementor-element-d388dbb elementor-widget elementor-widget-image\" data-id=\"d388dbb\" data-element_type=\"widget\" data-e-type=\"widget\" data-widget_type=\"image.default\">\n\t\t\t\t\t\t\t\t\t\t\t\t\t\t\t<img fetchpriority=\"high\" decoding=\"async\" width=\"800\" height=\"139\" src=\"https:\/\/glowingrebel.de\/wp-content\/uploads\/2026\/03\/Korres_logo.webp\" class=\"attachment-large size-large wp-image-1963\" alt=\"\" srcset=\"https:\/\/glowingrebel.de\/wp-content\/uploads\/2026\/03\/Korres_logo.webp 1280w, https:\/\/glowingrebel.de\/wp-content\/uploads\/2026\/03\/Korres_logo-300x52.webp 300w, https:\/\/glowingrebel.de\/wp-content\/uploads\/2026\/03\/Korres_logo-768x134.webp 768w, https:\/\/glowingrebel.de\/wp-content\/uploads\/2026\/03\/Korres_logo-18x3.webp 18w\" sizes=\"(max-width: 800px) 100vw, 800px\" \/>\t\t\t\t\t\t\t\t\t\t\t\t\t\t\t<\/div>\n\t\t\t\t<div class=\"elementor-element elementor-element-3c1df89 elementor-widget elementor-widget-text-editor\" data-id=\"3c1df89\" data-element_type=\"widget\" data-e-type=\"widget\" data-widget_type=\"text-editor.default\">\n\t\t\t\t\t\t\t\t\t<p><span class=\"a_GcMg font-feature-liga-off font-feature-clig-off font-feature-calt-off text-decoration-none text-strikethrough-none theming-custom-rgba(255,255,255,var(--O42jJQ,1)) theming-custom-rgba(255,255,255,var(\">Die Wurzeln der Marke liegen in einer alt eingesessenen Athener Apotheke: 1996 gr\u00fcndete der Apotheker Giorgos <strong>KORRES <\/strong>das Unternehmen mit der Vision, nat\u00fcrliche und wirkungsvolle Pflegeprodukte auf Basis traditioneller Heilkr\u00e4uter zu entwickeln.<\/span><\/p><p><span class=\"a_GcMg font-feature-liga-off font-feature-clig-off font-feature-calt-off text-decoration-none text-strikethrough-none theming-theme-accent3\"><strong>Wirksamkeit<\/strong><\/span><\/p><p><span class=\"a_GcMg font-feature-liga-off font-feature-clig-off font-feature-calt-off text-decoration-none text-strikethrough-none theming-custom-rgba(255,255,255,var(--O42jJQ,1)) theming-custom-rgba(255,255,255,var(\">Alle Pflegeformeln werden klinisch getestet, um ihre Wirksamkeit und Vertr\u00e4glichkeit sicherzustellen. Tradition und Natur gehen so Hand in Hand mit wissenschaftlicher Qualit\u00e4t.<\/span><\/p><p><span class=\"a_GcMg font-feature-liga-off font-feature-clig-off font-feature-calt-off text-decoration-none text-strikethrough-none theming-theme-accent3\"><strong>Tradition<\/strong><\/span><\/p><p><span class=\"a_GcMg font-feature-liga-off font-feature-clig-off font-feature-calt-off text-decoration-none text-strikethrough-none theming-custom-rgba(255,255,255,var(--O42jJQ,1)) theming-custom-rgba(255,255,255,var(\">KORRES verbindet jahrhundertealtes Wissen der griechischen Pflanzenheilkunde mit moderner wissenschaftlicher Forschung \u2013 die Rezepturen basieren auf \u00fcber 3.000 \u00fcberlieferten pflanzlichen Heilmitteln und fundierten Erkenntnissen aus Hom\u00f6opathie und Pharmazie. Viele bew\u00e4hrte griechische Hausmittel finden direkt Eingang in die Produkte: So setzt KORRES etwa Oliven\u00f6l (f\u00fcr trockene Haut) und griechischen Joghurt (zur Beruhigung sonnengereizter Haut) gezielt in modernen Rezepturen ein.<\/span><\/p>\t\t\t\t\t\t\t\t<\/div>\n\t\t\t\t<\/div>\n\t\t<div class=\"elementor-element elementor-element-ea69f36 e-con-full e-flex e-con e-child\" data-id=\"ea69f36\" data-element_type=\"container\" data-e-type=\"container\">\n\t\t\t\t<div class=\"elementor-element elementor-element-8eed9d5 elementor-widget elementor-widget-heading\" data-id=\"8eed9d5\" data-element_type=\"widget\" data-e-type=\"widget\" data-widget_type=\"heading.default\">\n\t\t\t\t\t<h2 class=\"elementor-heading-title elementor-size-default\"><span class=\"a_GcMg font-feature-liga-off font-feature-clig-off font-feature-calt-off text-decoration-none text-strikethrough-none theming-theme-accent3\"><strong>Professionelle Naturkosmetik mit Tradition<\/strong><\/span><\/h2>\t\t\t\t<\/div>\n\t\t\t\t<div class=\"elementor-element elementor-element-d27bc15 elementor-widget elementor-widget-image\" data-id=\"d27bc15\" data-element_type=\"widget\" data-e-type=\"widget\" data-widget_type=\"image.default\">\n\t\t\t\t\t\t\t\t\t\t\t\t\t\t\t<img decoding=\"async\" width=\"800\" height=\"835\" src=\"https:\/\/glowingrebel.de\/wp-content\/uploads\/2026\/03\/Yellow-Rose-Logo-scaled.webp\" class=\"attachment-large size-large wp-image-1964\" alt=\"\" srcset=\"https:\/\/glowingrebel.de\/wp-content\/uploads\/2026\/03\/Yellow-Rose-Logo-scaled.webp 1840w, https:\/\/glowingrebel.de\/wp-content\/uploads\/2026\/03\/Yellow-Rose-Logo-287x300.webp 287w, https:\/\/glowingrebel.de\/wp-content\/uploads\/2026\/03\/Yellow-Rose-Logo-768x801.webp 768w, https:\/\/glowingrebel.de\/wp-content\/uploads\/2026\/03\/Yellow-Rose-Logo-1472x1536.webp 1472w, https:\/\/glowingrebel.de\/wp-content\/uploads\/2026\/03\/Yellow-Rose-Logo-11x12.webp 11w\" sizes=\"(max-width: 800px) 100vw, 800px\" \/>\t\t\t\t\t\t\t\t\t\t\t\t\t\t\t<\/div>\n\t\t\t\t<div class=\"elementor-element elementor-element-d313531 elementor-widget elementor-widget-text-editor\" data-id=\"d313531\" data-element_type=\"widget\" data-e-type=\"widget\" data-widget_type=\"text-editor.default\">\n\t\t\t\t\t\t\t\t\t<p><span class=\"a_GcMg font-feature-liga-off font-feature-clig-off font-feature-calt-off text-decoration-none text-strikethrough-none theming-theme-dark\"><strong>Yellow Rose Cosmetics<\/strong><\/span> <span class=\"a_GcMg font-feature-liga-off font-feature-clig-off font-feature-calt-off text-decoration-none text-strikethrough-none theming-custom-rgba(255,255,255,var(--O42jJQ,1)) theming-custom-rgba(255,255,255,var(\">bietet ein umfassendes Sortiment an Hautpflegeprodukten und professionellen Behandlungen f\u00fcr Kosmetikstudios.<\/span><\/p><p>\u00a0<\/p><p><span class=\"a_GcMg font-feature-liga-off font-feature-clig-off font-feature-calt-off text-decoration-none text-strikethrough-none theming-theme-accent3\"><strong>Naturkosmetik<\/strong><\/span><\/p><p><span class=\"a_GcMg font-feature-liga-off font-feature-clig-off font-feature-calt-off text-decoration-none text-strikethrough-none theming-custom-rgba(255,255,255,var(--O42jJQ,1)) theming-custom-rgba(255,255,255,var(\">Die Formulierungen von <strong>Yellow Rose Cosmetics<\/strong> basieren auf nat\u00fcrlichen Wirkstoffen (z.B. mediterrane Kr\u00e4uter, Bio-Oliven\u00f6l) und kommen ohne umstrittene chemische Zus\u00e4tze wie Parabene, Sulfate oder Silikone aus. Diese naturverbundene Philosophie garantiert sichere und effektive Pflege.<\/span><\/p><p>\u00a0<\/p><p><span class=\"a_GcMg font-feature-liga-off font-feature-clig-off font-feature-calt-off text-decoration-none text-strikethrough-none theming-theme-accent3\"><strong>Tradition<\/strong><\/span><\/p><p><span class=\"a_GcMg font-feature-liga-off font-feature-clig-off font-feature-calt-off text-decoration-none text-strikethrough-none theming-custom-rgba(255,255,255,var(--O42jJQ,1)) theming-custom-rgba(255,255,255,var(\"><strong>Yellow Rose Cosmetics<\/strong> wurde 1965 als Familienbetrieb in Griechenland gegr\u00fcndet und hat sich seither vom kleinen Labor f\u00fcr Profikosmetik zum international etablierten Unternehmen entwickelt. Bis heute befindet sich die Marke in Familienbesitz und verbindet traditionelle Werte mit innovativer kosmetischer Forschung in eigenen Labors. Die Kombination aus jahrzehntelanger Erfahrung und wissenschaftlicher Entwicklung sorgt f\u00fcr fortschrittliche, wirksame Produkte, die auf bew\u00e4hrtem Know-how basiert.<\/span><\/p><p><span class=\"a_GcMg font-feature-liga-off font-feature-clig-off font-feature-calt-off text-decoration-none text-strikethrough-none theming-theme-accent3\"><strong>Wirksamkeit<\/strong><\/span><\/p><p><span class=\"a_GcMg font-feature-liga-off font-feature-clig-off font-feature-calt-off text-decoration-none text-strikethrough-none theming-custom-rgba(255,255,255,var(--O42jJQ,1)) theming-custom-rgba(255,255,255,var(\">Alle Pflegeformeln werden klinisch getestet, um ihre Wirksamkeit und Vertr\u00e4glichkeit sicherzustellen. Tradition und Natur gehen so Hand in Hand mit wissenschaftlicher Qualit\u00e4t.<\/span><\/p><p><span class=\"a_GcMg font-feature-liga-off font-feature-clig-off font-feature-calt-off text-decoration-none text-strikethrough-none theming-theme-accent3\"><strong>Tradition<\/strong><\/span><\/p><p><span class=\"a_GcMg font-feature-liga-off font-feature-clig-off font-feature-calt-off text-decoration-none text-strikethrough-none theming-custom-rgba(255,255,255,var(--O42jJQ,1)) theming-custom-rgba(255,255,255,var(\">KORRES verbindet jahrhundertealtes Wissen der griechischen Pflanzenheilkunde mit moderner wissenschaftlicher Forschung \u2013 die Rezepturen basieren auf \u00fcber 3.000 \u00fcberlieferten pflanzlichen Heilmitteln und fundierten Erkenntnissen aus Hom\u00f6opathie und Pharmazie. Viele bew\u00e4hrte griechische Hausmittel finden direkt Eingang in die Produkte: So setzt KORRES etwa Oliven\u00f6l (f\u00fcr trockene Haut) und griechischen Joghurt (zur Beruhigung sonnengereizter Haut) gezielt in modernen Rezepturen ein.<\/span><\/p>\t\t\t\t\t\t\t\t<\/div>\n\t\t\t\t<\/div>\n\t\t\t\t\t<\/div>\n\t\t\t\t<\/div>\n\t\t\t\t<\/div>","protected":false},"excerpt":{"rendered":"<p>Verwendete Produkte Als Kosmetikerin arbeite ich mit den hochwertigen Produkten der Firma Yellow Rose Cosmetics und KORRES, die f\u00fcr ihre nat\u00fcrlichen Inhaltsstoffe aus Griechenland bekannt sind.\u00a0 Tradition und griechische Pflanzenheilkunde Die Wurzeln der Marke liegen in einer alt eingesessenen Athener Apotheke: 1996 gr\u00fcndete der Apotheker Giorgos KORRES das Unternehmen mit der Vision, nat\u00fcrliche und wirkungsvolle [&hellip;]<\/p>\n","protected":false},"author":1,"featured_media":0,"parent":0,"menu_order":0,"comment_status":"closed","ping_status":"closed","template":"","meta":{"footnotes":""},"class_list":["post-1961","page","type-page","status-publish","hentry"],"aioseo_notices":[],"_links":{"self":[{"href":"https:\/\/glowingrebel.de\/en\/wp-json\/wp\/v2\/pages\/1961","targetHints":{"allow":["GET"]}}],"collection":[{"href":"https:\/\/glowingrebel.de\/en\/wp-json\/wp\/v2\/pages"}],"about":[{"href":"https:\/\/glowingrebel.de\/en\/wp-json\/wp\/v2\/types\/page"}],"author":[{"embeddable":true,"href":"https:\/\/glowingrebel.de\/en\/wp-json\/wp\/v2\/users\/1"}],"replies":[{"embeddable":true,"href":"https:\/\/glowingrebel.de\/en\/wp-json\/wp\/v2\/comments?post=1961"}],"version-history":[{"count":14,"href":"https:\/\/glowingrebel.de\/en\/wp-json\/wp\/v2\/pages\/1961\/revisions"}],"predecessor-version":[{"id":2028,"href":"https:\/\/glowingrebel.de\/en\/wp-json\/wp\/v2\/pages\/1961\/revisions\/2028"}],"wp:attachment":[{"href":"https:\/\/glowingrebel.de\/en\/wp-json\/wp\/v2\/media?parent=1961"}],"curies":[{"name":"wp","href":"https:\/\/api.w.org\/{rel}","templated":true}]}}