{"id":1163,"date":"2026-03-08T20:01:24","date_gmt":"2026-03-08T20:01:24","guid":{"rendered":"https:\/\/glowingrebel.de\/?page_id=1163"},"modified":"2026-03-28T21:26:07","modified_gmt":"2026-03-28T20:26:07","slug":"ueber-mich","status":"publish","type":"page","link":"https:\/\/glowingrebel.de\/en\/ueber-mich\/","title":{"rendered":"\u00dcber Mich"},"content":{"rendered":"<div data-elementor-type=\"wp-page\" data-elementor-id=\"1163\" class=\"elementor elementor-1163\" data-elementor-post-type=\"page\">\n\t\t\t\t<div class=\"elementor-element elementor-element-595b1f1f e-con-full e-transform e-flex e-con e-child\" data-id=\"595b1f1f\" data-element_type=\"container\" data-e-type=\"container\" data-settings=\"{&quot;background_background&quot;:&quot;classic&quot;,&quot;shape_divider_bottom&quot;:&quot;curve-asymmetrical&quot;,&quot;shape_divider_bottom_negative&quot;:&quot;yes&quot;,&quot;_transform_skewX_effect&quot;:{&quot;unit&quot;:&quot;px&quot;,&quot;size&quot;:&quot;&quot;,&quot;sizes&quot;:[]},&quot;_transform_skewX_effect_tablet&quot;:{&quot;unit&quot;:&quot;deg&quot;,&quot;size&quot;:&quot;&quot;,&quot;sizes&quot;:[]},&quot;_transform_skewX_effect_mobile&quot;:{&quot;unit&quot;:&quot;deg&quot;,&quot;size&quot;:&quot;&quot;,&quot;sizes&quot;:[]},&quot;_transform_skewY_effect&quot;:{&quot;unit&quot;:&quot;px&quot;,&quot;size&quot;:&quot;&quot;,&quot;sizes&quot;:[]},&quot;_transform_skewY_effect_tablet&quot;:{&quot;unit&quot;:&quot;deg&quot;,&quot;size&quot;:&quot;&quot;,&quot;sizes&quot;:[]},&quot;_transform_skewY_effect_mobile&quot;:{&quot;unit&quot;:&quot;deg&quot;,&quot;size&quot;:&quot;&quot;,&quot;sizes&quot;:[]}}\">\n\t\t\t\t<div class=\"elementor-shape elementor-shape-bottom\" aria-hidden=\"true\" data-negative=\"true\">\n\t\t\t<svg xmlns=\"http:\/\/www.w3.org\/2000\/svg\" viewbox=\"0 0 1000 100\" preserveaspectratio=\"none\">\n\t<path class=\"elementor-shape-fill\" d=\"M615.2,96.7C240.2,97.8,0,18.9,0,0v100h1000V0C1000,19.2,989.8,96,615.2,96.7z\"\/>\n<\/svg>\t\t<\/div>\n\t\t\t\t<div class=\"elementor-element elementor-element-33514f1 elementor-widget__width-inherit elementor-widget elementor-widget-heading\" data-id=\"33514f1\" data-element_type=\"widget\" data-e-type=\"widget\" data-widget_type=\"heading.default\">\n\t\t\t\t\t<h2 class=\"elementor-heading-title elementor-size-default\">\u00dcber mich<\/h2>\t\t\t\t<\/div>\n\t\t\t\t<\/div>\n\t\t<div class=\"elementor-element elementor-element-fc41268 e-flex e-con-boxed e-con e-parent\" data-id=\"fc41268\" data-element_type=\"container\" data-e-type=\"container\">\n\t\t\t\t\t<div class=\"e-con-inner\">\n\t\t<div class=\"elementor-element elementor-element-d9d733f e-con-full e-flex e-con e-child\" data-id=\"d9d733f\" data-element_type=\"container\" data-e-type=\"container\">\n\t\t\t\t<div class=\"elementor-element elementor-element-8dcb789 elementor-widget elementor-widget-heading\" data-id=\"8dcb789\" data-element_type=\"widget\" data-e-type=\"widget\" data-widget_type=\"heading.default\">\n\t\t\t\t\t<h2 class=\"elementor-heading-title elementor-size-default\">Nat\u00fcrlichkeit und griechische Wellness-Traditionen<\/h2>\t\t\t\t<\/div>\n\t\t\t\t<div class=\"elementor-element elementor-element-4831c39 elementor-widget__width-initial elementor-widget elementor-widget-text-editor\" data-id=\"4831c39\" data-element_type=\"widget\" data-e-type=\"widget\" data-widget_type=\"text-editor.default\">\n\t\t\t\t\t\t\t\t\t<p><span class=\"theming-basic-Yellow\"><i>Das Sch\u00f6nheitsideal der antiken Griechen wurde ma\u00dfgeblich durch die Philosophie und Mythologie ihrer Kultur gepr\u00e4gt. In der griechischen Mythologie sind G\u00f6tter und G\u00f6ttinnen h\u00e4ufig als vollkommen idealisierte Wesen dargestellt, die die h\u00f6chste Form von Sch\u00f6nheit verk\u00f6rpern. Diese Auffassung von Sch\u00f6nheit fand ihren Ausdruck in der Kunst und Literatur der Griechen und beeinflusste gleichzeitig ihre Konzepte von \u00c4sthetik und Perfektion.\u00a0<\/i><\/span><\/p><p><span class=\"theming-basic-Yellow\"><i>Mein Name ist Tatiana Rebel, ich bin 31 Jahre alt, verheiratet und Mutter von zwei kleinen Kindern. Es ist mir eine Freude, Ihnen von einer Leidenschaft zu berichten, die mein Leben sowie das vieler anderer bereichert hat. Geboren in Moldawien, zog ich im Alter von zehn Jahren nach Griechenland und habe seit 2016 das Privileg, in Deutschland zu leben, einem Land, das mir zahlreiche M\u00f6glichkeiten er\u00f6ffnet hat, f\u00fcr die ich sehr dankbar bin.\u00a0<\/i><\/span><\/p><p><span class=\"theming-basic-Yellow\"><i>Derzeit befinde ich mich an einem spannenden Wendepunkt meiner beruflichen Laufbahn: Ich arbeite als Fachkosmetikerin. F\u00fcr mich ist diese T\u00e4tigkeit mehr als nur ein Beruf; sie stellt meine Berufung dar. Im Jahr 2019 habe ich meine Ausbildung erfolgreich abgeschlossen und konnte in den letzten zwei Jahren umfangreiche Erfahrungen in den Bereichen Allgemeinmedizin, Chirurgie und Zahnmedizin sammeln. Diese Kenntnisse erm\u00f6glichen es mir, individuell auf die Bed\u00fcrfnisse meiner Klienten einzugehen. Mit gro\u00dfer Hingabe und Empathie widme ich mich meiner Arbeit, da ich fest davon \u00fcberzeugt bin, dass jeder Mensch einzigartig ist und eine pers\u00f6nliche Behandlung verdient. Hygiene, Vertraulichkeit und Professionalit\u00e4t sind f\u00fcr mich nicht nur Schlagworte, sondern die fundamentalen Prinzipien meiner Praxis. Besonders in sensiblen Situationen sorge ich daf\u00fcr, dass Sie sich wohl und sicher f\u00fchlen.<\/i><\/span><\/p><p><span class=\"theming-basic-Yellow\"><i>Ich bilde mich kontinuierlich weiter, da jedes neue Zertifikat mich meinem Ziel n\u00e4her bringt, meine F\u00e4higkeiten weiterzuentwickeln. In meiner Selbstst\u00e4ndigkeit verfolge ich einen strukturierten und zielorientierten Ansatz, der es mir erm\u00f6glicht, Termine effektiv zu planen und auch Hausbesuche anzubieten \u2013 stets mit einem offenen Ohr f\u00fcr Ihre Anliegen. Mit meinem umfassenden Wissen im Gesundheitsbereich kann ich Behandlungen pr\u00e4zise und wirkungsvoll durchf\u00fchren und die Hautgesundheit sowie Heilungsprozesse fundiert einsch\u00e4tzen. Jeder Schritt in meiner beruflichen Laufbahn er\u00f6ffnet neue, spannende Perspektiven.\u00a0<\/i><\/span><\/p><p><span class=\"theming-basic-Yellow\"><i>Lassen Sie uns gemeinsam Gro\u00dfes erreichen! Entscheiden Sie sich f\u00fcr einen Weg zu mehr Sch\u00f6nheit und Wohlbefinden \u2013 ich freue mich darauf, Sie auf dieser Reise zu begleiten!<\/i><\/span><\/p>\t\t\t\t\t\t\t\t<\/div>\n\t\t\t\t<\/div>\n\t\t\t\t<div class=\"elementor-element elementor-element-f534826 elementor-widget__width-initial elementor-widget elementor-widget-image\" data-id=\"f534826\" data-element_type=\"widget\" data-e-type=\"widget\" data-widget_type=\"image.default\">\n\t\t\t\t\t\t\t\t\t\t\t\t\t\t\t<img fetchpriority=\"high\" decoding=\"async\" width=\"800\" height=\"1107\" src=\"https:\/\/glowingrebel.de\/wp-content\/uploads\/2026\/02\/Tatiana_Neu-1.jpg\" class=\"attachment-large size-large wp-image-245\" alt=\"\" srcset=\"https:\/\/glowingrebel.de\/wp-content\/uploads\/2026\/02\/Tatiana_Neu-1.jpg 1811w, https:\/\/glowingrebel.de\/wp-content\/uploads\/2026\/02\/Tatiana_Neu-1-600x830.jpg 600w\" sizes=\"(max-width: 800px) 100vw, 800px\" \/>\t\t\t\t\t\t\t\t\t\t\t\t\t\t\t<\/div>\n\t\t\t\t\t<\/div>\n\t\t\t\t<\/div>\n\t\t<div class=\"elementor-element elementor-element-6683aa6 e-flex e-con-boxed e-con e-parent\" data-id=\"6683aa6\" data-element_type=\"container\" data-e-type=\"container\">\n\t\t\t\t\t<div class=\"e-con-inner\">\n\t\t<div class=\"elementor-element elementor-element-d51ba24 e-con-full e-flex e-con e-child\" data-id=\"d51ba24\" data-element_type=\"container\" data-e-type=\"container\">\n\t\t<div class=\"elementor-element elementor-element-dcf92d3 e-con-full e-flex e-con e-child\" data-id=\"dcf92d3\" data-element_type=\"container\" data-e-type=\"container\">\n\t\t\t\t<div class=\"elementor-element elementor-element-ae2d9e2 elementor-align-center elementor-widget elementor-widget-button\" data-id=\"ae2d9e2\" data-element_type=\"widget\" data-e-type=\"widget\" data-widget_type=\"button.default\">\n\t\t\t\t\t\t\t\t\t\t<a class=\"elementor-button elementor-button-link elementor-size-sm\" href=\"https:\/\/glowingrebel.de\/en\">\n\t\t\t\t\t\t<span class=\"elementor-button-content-wrapper\">\n\t\t\t\t\t\t\t\t\t<span class=\"elementor-button-text\">Zur Startseite<\/span>\n\t\t\t\t\t<\/span>\n\t\t\t\t\t<\/a>\n\t\t\t\t\t\t\t\t<\/div>\n\t\t\t\t<\/div>\n\t\t\t\t<\/div>\n\t\t\t\t\t<\/div>\n\t\t\t\t<\/div>\n\t\t\t\t<\/div>","protected":false},"excerpt":{"rendered":"<p>\u00dcber mich Nat\u00fcrlichkeit und griechische Wellness-Traditionen Das Sch\u00f6nheitsideal der antiken Griechen wurde ma\u00dfgeblich durch die Philosophie und Mythologie ihrer Kultur gepr\u00e4gt. In der griechischen Mythologie sind G\u00f6tter und G\u00f6ttinnen h\u00e4ufig als vollkommen idealisierte Wesen dargestellt, die die h\u00f6chste Form von Sch\u00f6nheit verk\u00f6rpern. Diese Auffassung von Sch\u00f6nheit fand ihren Ausdruck in der Kunst und Literatur der [&hellip;]<\/p>\n","protected":false},"author":1,"featured_media":0,"parent":0,"menu_order":0,"comment_status":"closed","ping_status":"closed","template":"","meta":{"footnotes":""},"class_list":["post-1163","page","type-page","status-publish","hentry"],"aioseo_notices":[],"_links":{"self":[{"href":"https:\/\/glowingrebel.de\/en\/wp-json\/wp\/v2\/pages\/1163","targetHints":{"allow":["GET"]}}],"collection":[{"href":"https:\/\/glowingrebel.de\/en\/wp-json\/wp\/v2\/pages"}],"about":[{"href":"https:\/\/glowingrebel.de\/en\/wp-json\/wp\/v2\/types\/page"}],"author":[{"embeddable":true,"href":"https:\/\/glowingrebel.de\/en\/wp-json\/wp\/v2\/users\/1"}],"replies":[{"embeddable":true,"href":"https:\/\/glowingrebel.de\/en\/wp-json\/wp\/v2\/comments?post=1163"}],"version-history":[{"count":19,"href":"https:\/\/glowingrebel.de\/en\/wp-json\/wp\/v2\/pages\/1163\/revisions"}],"predecessor-version":[{"id":2203,"href":"https:\/\/glowingrebel.de\/en\/wp-json\/wp\/v2\/pages\/1163\/revisions\/2203"}],"wp:attachment":[{"href":"https:\/\/glowingrebel.de\/en\/wp-json\/wp\/v2\/media?parent=1163"}],"curies":[{"name":"wp","href":"https:\/\/api.w.org\/{rel}","templated":true}]}}